{"id":9,"date":"2020-05-20T14:29:47","date_gmt":"2020-05-20T12:29:47","guid":{"rendered":"https:\/\/sw-quality.de\/wordpress\/wordpress\/?page_id=9"},"modified":"2024-01-03T12:05:17","modified_gmt":"2024-01-03T11:05:17","slug":"startseite","status":"publish","type":"page","link":"https:\/\/sw-quality.de\/","title":{"rendered":"Startseite"},"content":{"rendered":"\n<div class=\"wp-block-cover alignwide\" style=\"min-height:376px\"><span aria-hidden=\"true\" class=\"wp-block-cover__background has-background-dim-40 has-background-dim\"><\/span><img decoding=\"async\" loading=\"lazy\" width=\"1920\" height=\"586\" class=\"wp-block-cover__image-background wp-image-103\" alt=\"\" src=\"https:\/\/sw-quality.de\/wp-content\/uploads\/2020\/05\/cropped-charles-forerunner-3fPXt37X6UQ-unsplash-1.jpg\" style=\"object-position:52% 51%\" data-object-fit=\"cover\" data-object-position=\"52% 51%\"\/><div class=\"wp-block-cover__inner-container\">\n<div class=\"is-layout-flow wp-block-group\">\n<div id=\"section-g59f4a0\" class=\"wp-block-gutentor-e1 section-g59f4a0 gutentor-element gutentor-element-advanced-text gutentor-adv-text-enabled-width text-align-center-desktop adv-text-c-desktop\"><div class=\"gutentor-text-wrap\"><p class=\"gutentor-text\"><em>Informationen, Meinungen und Ressourcen rund um das Thema Software Qualit\u00e4tssicherung mit Fokus auf Testautomatisierung &amp; Last- und Performancetesting aus Sicht eines langj\u00e4hrigen Beraters.<br><br>F\u00fcr Kunden, Kollegen und interessierte Personen im Bereich Software Qualit\u00e4tssicherung.<\/em><\/p><\/div><\/div>\n<\/div>\n\n\n\n<section id=\"section-c214b195-835f-46c8-8e68-cee27fca52c3\" class=\"wp-block-gutentor-image-box gutentor-section gutentor-image-wrapper imagebox-template1\"><div class=\"grid-container\"><div class=\"grid-row gutentor-grid-item-wrap wow animated undefined\"><div class=\"gutentor-grid-column grid-lg-4 grid-md-4 grid-12\"><div class=\"gutentor-single-item gutentor-image gutentor-single-item-0\"><div class=\"gutentor-single-item-wrap\"><div class=\"gutentor-single-item-image-box\"><div class=\"gutentor-image-thumb\"><img decoding=\"async\" loading=\"lazy\" class=\"normal-image\" src=\"https:\/\/sw-quality.de\/wp-content\/uploads\/2024\/01\/dylan-gillis-KdeqA3aTnBY-unsplash-768x512-1.jpg\" alt=\"\" height=\"512\" width=\"768\"\/><\/div><\/div><div class=\"gutentor-single-item-content\"><h3 class=\"gutentor-single-item-title\">Beratung<\/h3><p class=\"gutentor-single-item-desc\">Ihr Ansprechpartner f\u00fcr alle Belange der Software Qualit\u00e4tssicherung<\/p><\/div><\/div><\/div><\/div><div class=\"gutentor-grid-column grid-lg-4 grid-md-4 grid-12\"><div class=\"gutentor-single-item gutentor-image gutentor-single-item-1\"><div class=\"gutentor-single-item-wrap\"><div class=\"gutentor-single-item-image-box\"><div class=\"gutentor-image-thumb\"><img decoding=\"async\" loading=\"lazy\" class=\"normal-image\" src=\"https:\/\/sw-quality.de\/wp-content\/uploads\/2024\/01\/scott-graham-5fNmWej4tAA-unsplash-768x513-1.jpg\" alt=\"\" height=\"513\" width=\"768\"\/><\/div><\/div><div class=\"gutentor-single-item-content\"><h3 class=\"gutentor-single-item-title\">Umsetzung<\/h3><p class=\"gutentor-single-item-desc\">Bei Ihnen am Standort oder Remote<\/p><\/div><\/div><\/div><\/div><div class=\"gutentor-grid-column grid-lg-4 grid-md-4 grid-12\"><div class=\"gutentor-single-item gutentor-image gutentor-single-item-2\"><div class=\"gutentor-single-item-wrap\"><div class=\"gutentor-single-item-image-box\"><div class=\"gutentor-image-thumb\"><img decoding=\"async\" loading=\"lazy\" class=\"normal-image\" src=\"https:\/\/sw-quality.de\/wp-content\/uploads\/2024\/01\/john-schnobrich-FlPc9_VocJ4-unsplash-768x512-1.jpg\" alt=\"\" height=\"512\" width=\"768\"\/><\/div><\/div><div class=\"gutentor-single-item-content\"><h3 class=\"gutentor-single-item-title\">Coaching<\/h3><p class=\"gutentor-single-item-desc\">Ihrer Mitarbeiter<\/p><\/div><\/div><\/div><\/div><\/div><\/div><\/section>\n<\/div><\/div>\n\n\n\n<p><\/p>\n","protected":false},"excerpt":{"rendered":"","protected":false},"author":1,"featured_media":0,"parent":0,"menu_order":0,"comment_status":"closed","ping_status":"closed","template":"template-gutentor-full-width.php","meta":[],"_links":{"self":[{"href":"https:\/\/sw-quality.de\/index.php?rest_route=\/wp\/v2\/pages\/9"}],"collection":[{"href":"https:\/\/sw-quality.de\/index.php?rest_route=\/wp\/v2\/pages"}],"about":[{"href":"https:\/\/sw-quality.de\/index.php?rest_route=\/wp\/v2\/types\/page"}],"author":[{"embeddable":true,"href":"https:\/\/sw-quality.de\/index.php?rest_route=\/wp\/v2\/users\/1"}],"replies":[{"embeddable":true,"href":"https:\/\/sw-quality.de\/index.php?rest_route=%2Fwp%2Fv2%2Fcomments&post=9"}],"version-history":[{"count":6,"href":"https:\/\/sw-quality.de\/index.php?rest_route=\/wp\/v2\/pages\/9\/revisions"}],"predecessor-version":[{"id":151,"href":"https:\/\/sw-quality.de\/index.php?rest_route=\/wp\/v2\/pages\/9\/revisions\/151"}],"wp:attachment":[{"href":"https:\/\/sw-quality.de\/index.php?rest_route=%2Fwp%2Fv2%2Fmedia&parent=9"}],"curies":[{"name":"wp","href":"https:\/\/api.w.org\/{rel}","templated":true}]}}